{"id":8,"date":"2026-02-16T11:16:16","date_gmt":"2026-02-16T10:16:16","guid":{"rendered":"https:\/\/ladiesnightsclub.com\/?page_id=8"},"modified":"2026-04-02T14:06:05","modified_gmt":"2026-04-02T12:06:05","slug":"start","status":"publish","type":"page","link":"https:\/\/ladiesnightsclub.com\/","title":{"rendered":""},"content":{"rendered":"\n<div class=\"wp-block-cover alignfull is-light has-accent-1-color has-text-color has-link-color wp-elements-397cd06623cbf9c96b109092b13ab5ea\" style=\"margin-top:0;margin-bottom:0;padding-top:200px;padding-right:var(--wp--preset--spacing--50);padding-bottom:200px;padding-left:var(--wp--preset--spacing--50);min-height:100vh;aspect-ratio:unset;\"><img loading=\"lazy\" decoding=\"async\" width=\"1024\" height=\"768\" class=\"wp-block-cover__image-background wp-image-25 size-large\" alt=\"\" src=\"https:\/\/ladiesnightsclub.com\/wp-content\/uploads\/2026\/04\/photo_2022-09-12_20-16-55-1-1024x768.jpg\" data-object-fit=\"cover\" srcset=\"https:\/\/ladiesnightsclub.com\/wp-content\/uploads\/2026\/04\/photo_2022-09-12_20-16-55-1-1024x768.jpg 1024w, https:\/\/ladiesnightsclub.com\/wp-content\/uploads\/2026\/04\/photo_2022-09-12_20-16-55-1-300x225.jpg 300w, https:\/\/ladiesnightsclub.com\/wp-content\/uploads\/2026\/04\/photo_2022-09-12_20-16-55-1-768x576.jpg 768w, https:\/\/ladiesnightsclub.com\/wp-content\/uploads\/2026\/04\/photo_2022-09-12_20-16-55-1-1536x1152.jpg 1536w, https:\/\/ladiesnightsclub.com\/wp-content\/uploads\/2026\/04\/photo_2022-09-12_20-16-55-1-2048x1536.jpg 2048w\" sizes=\"auto, (max-width: 1024px) 100vw, 1024px\" \/><span aria-hidden=\"true\" class=\"wp-block-cover__background has-background-dim-10 has-background-dim\" style=\"background-color:#88909a\"><\/span><div class=\"wp-block-cover__inner-container has-global-padding is-layout-constrained wp-container-core-cover-is-layout-d47c59a2 wp-block-cover-is-layout-constrained\">\n<div class=\"wp-block-group is-vertical is-content-justification-center is-layout-flex wp-container-core-group-is-layout-ce155fab wp-block-group-is-layout-flex\">\n<h2 class=\"wp-block-heading has-text-align-center is-style-text-annotation is-style-text-annotation--1\"><a href=\"https:\/\/linktr.ee\/ladiesnightsclub\">Wydarzenia<\/a><\/h2>\n<\/div>\n\n\n\n<h3 class=\"wp-block-heading has-text-align-center has-xx-large-font-size\">Ju\u017c wkr\u00f3tce nadchodzi co\u015b wspania\u0142ego<\/h3>\n\n\n\n<p class=\"has-text-align-center\">Ladies Nights Club sie\u0107 wsparcia dla kobiet online lub przy kawie! Nie jeste\u015b sama! Tutaj znajdziesz poczucie siostrze\u0144stwa &amp; wsparcie \u017cyczliwych os\u00f3b!<\/p>\n\n\n\n<p class=\"has-text-align-center\">Zapisz si\u0119, aby otrzyma\u0107 powiadomienie, gdy nasza stronka b\u0119dzie gotowa!<\/p>\n\n\n\n<div class=\"wp-block-buttons is-content-justification-center is-layout-flex wp-container-core-buttons-is-layout-a89b3969 wp-block-buttons-is-layout-flex\">\n<div class=\"wp-block-button is-style-fill\"><a class=\"wp-block-button__link has-contrast-color has-accent-1-background-color has-text-color has-background has-link-color has-border-color has-accent-1-border-color wp-element-button\" href=\"https:\/\/mailchi.mp\/5bcb7b771d05\/rejestracja\">Subskrybuj<\/a><\/div>\n<\/div>\n<\/div><\/div>\n","protected":false},"excerpt":{"rendered":"","protected":false},"author":1,"featured_media":0,"parent":0,"menu_order":0,"comment_status":"closed","ping_status":"closed","template":"","meta":{"footnotes":""},"class_list":["post-8","page","type-page","status-publish","hentry"],"_links":{"self":[{"href":"https:\/\/ladiesnightsclub.com\/index.php?rest_route=\/wp\/v2\/pages\/8","targetHints":{"allow":["GET"]}}],"collection":[{"href":"https:\/\/ladiesnightsclub.com\/index.php?rest_route=\/wp\/v2\/pages"}],"about":[{"href":"https:\/\/ladiesnightsclub.com\/index.php?rest_route=\/wp\/v2\/types\/page"}],"author":[{"embeddable":true,"href":"https:\/\/ladiesnightsclub.com\/index.php?rest_route=\/wp\/v2\/users\/1"}],"replies":[{"embeddable":true,"href":"https:\/\/ladiesnightsclub.com\/index.php?rest_route=%2Fwp%2Fv2%2Fcomments&post=8"}],"version-history":[{"count":5,"href":"https:\/\/ladiesnightsclub.com\/index.php?rest_route=\/wp\/v2\/pages\/8\/revisions"}],"predecessor-version":[{"id":26,"href":"https:\/\/ladiesnightsclub.com\/index.php?rest_route=\/wp\/v2\/pages\/8\/revisions\/26"}],"wp:attachment":[{"href":"https:\/\/ladiesnightsclub.com\/index.php?rest_route=%2Fwp%2Fv2%2Fmedia&parent=8"}],"curies":[{"name":"wp","href":"https:\/\/api.w.org\/{rel}","templated":true}]}}